{"id":12,"date":"2015-05-14T12:19:28","date_gmt":"2015-05-14T12:19:28","guid":{"rendered":"https:\/\/www.joannehadida.es\/?page_id=12"},"modified":"2025-04-09T13:47:40","modified_gmt":"2025-04-09T11:47:40","slug":"contacter","status":"publish","type":"page","link":"https:\/\/www.joannehadida.es\/es\/contacter\/","title":{"rendered":"Contacto"},"content":{"rendered":"\t\t<div data-elementor-type=\"wp-page\" data-elementor-id=\"12\" class=\"elementor elementor-12\" data-elementor-post-type=\"page\">\n\t\t\t\t<div class=\"elementor-element elementor-element-186025a e-flex e-con-boxed e-con e-parent\" data-id=\"186025a\" data-element_type=\"container\">\n\t\t\t\t\t<div class=\"e-con-inner\">\n\t\t\t\t<div class=\"elementor-element elementor-element-10e016a8 elementor-widget elementor-widget-text-editor\" data-id=\"10e016a8\" data-element_type=\"widget\" data-widget_type=\"text-editor.default\">\n\t\t\t\t<div class=\"elementor-widget-container\">\n\t\t\t\t\t\t\t\t\t<h4><strong>C\u00f3mo encontrarme<\/strong><\/h4>\t\t\t\t\t\t\t\t<\/div>\n\t\t\t\t<\/div>\n\t\t\t\t\t<\/div>\n\t\t\t\t<\/div>\n\t\t<div class=\"elementor-element elementor-element-2a27810d e-flex e-con-boxed e-con e-parent\" data-id=\"2a27810d\" data-element_type=\"container\">\n\t\t\t\t\t<div class=\"e-con-inner\">\n\t\t\t\t<div class=\"elementor-element elementor-element-78a7fbc elementor-widget elementor-widget-text-editor\" data-id=\"78a7fbc\" data-element_type=\"widget\" data-widget_type=\"text-editor.default\">\n\t\t\t\t<div class=\"elementor-widget-container\">\n\t\t\t\t\t\t\t\t\tPueden contactarme por correo electr\u00f3nico o por tel\u00e9fono. Las sesiones presenciales se realizan en mi consulta en Barcelona, cerca del Lyc\u00e9e Fran\u00e7ais.<br><br>\t\t\t\t\t\t\t\t<\/div>\n\t\t\t\t<\/div>\n\t\t\t\t<div class=\"elementor-element elementor-element-7b652ca elementor-widget elementor-widget-text-editor\" data-id=\"7b652ca\" data-element_type=\"widget\" data-widget_type=\"text-editor.default\">\n\t\t\t\t<div class=\"elementor-widget-container\">\n\t\t\t\t\t\t\t\t\t\n<h4>E-mail:\n<a style=\"color: #5fa6e4; font-size: 14px;\" href=\"mailto:joanne@copc.cat?subject=Pregunta (esp)\">joanne@copc.cat<\/a><\/h4>\n<h4>T\u00e9l\u00e9fono:\n<a style=\"color: #5fa6e4; font-size: 14px;\" href=\"tel:656354560\">656 354 560<\/a><\/h4>\n<h4>Consulta:<\/h4>\n\t\t\t\t\t\t\t\t<\/div>\n\t\t\t\t<\/div>\n\t\t\t\t<div class=\"elementor-element elementor-element-3b84a12 elementor-widget elementor-widget-google_maps\" data-id=\"3b84a12\" data-element_type=\"widget\" id=\"map\" key=\"\" data-widget_type=\"google_maps.default\">\n\t\t\t\t<div class=\"elementor-widget-container\">\n\t\t\t\t\t\t\t<div class=\"elementor-custom-embed\">\n\t\t\t<iframe loading=\"lazy\"\n\t\t\t\t\tsrc=\"https:\/\/www.google.com\/maps\/embed\/v1\/place?key=AIzaSyD2zEwwsTqbvcc-mlnD_SMkQtm_B0eOD4Q&#038;q=Joanne%20Hadida%20Isvy&#038;zoom=16\"\n\t\t\t\t\ttitle=\"Joanne Hadida Isvy\"\n\t\t\t\t\taria-label=\"Joanne Hadida Isvy\"\n\t\t\t><\/iframe>\n\t\t<\/div>\n\t\t\t\t\t\t<\/div>\n\t\t\t\t<\/div>\n\t\t\t\t<div class=\"elementor-element elementor-element-ed8570a elementor-widget elementor-widget-text-editor\" data-id=\"ed8570a\" data-element_type=\"widget\" data-widget_type=\"text-editor.default\">\n\t\t\t\t<div class=\"elementor-widget-container\">\n\t\t\t\t\t\t\t\t\t<p><\/p><div><strong>Metro<\/strong>: L\u00ednea 3 (verde), estaci\u00f3n &#8216;Mar\u00eda Cristina&#8217;<\/div><div><strong>Tranv\u00eda<\/strong>: TramBaix, parada &#8216;Mar\u00eda Cristina&#8217; (todas las l\u00edneas)<\/div><div><strong>Autob\u00fas<\/strong>: L\u00edneas 70, 6, V3, 34, H6, 7, 63, 33, 67, V5 y 78<\/div><div><strong>FGC:<\/strong> Ferrocarrils de la Generalitat: a 10 minutos de la estaci\u00f3n de &#8216;Sarri\u00e0&#8217;<\/div><p><\/p>\t\t\t\t\t\t\t\t<\/div>\n\t\t\t\t<\/div>\n\t\t\t\t<div class=\"elementor-element elementor-element-4012854 elementor-shape-rounded elementor-grid-0 e-grid-align-center elementor-widget elementor-widget-social-icons\" data-id=\"4012854\" data-element_type=\"widget\" data-widget_type=\"social-icons.default\">\n\t\t\t\t<div class=\"elementor-widget-container\">\n\t\t\t\t\t\t\t<div class=\"elementor-social-icons-wrapper elementor-grid\">\n\t\t\t\t\t\t\t<span class=\"elementor-grid-item\">\n\t\t\t\t\t<a class=\"elementor-icon elementor-social-icon elementor-social-icon-linkedin elementor-repeater-item-320e7d0\" href=\"http:\/\/www.linkedin.com\/in\/joanne-hadida\" target=\"_blank\">\n\t\t\t\t\t\t<span class=\"elementor-screen-only\">Linkedin<\/span>\n\t\t\t\t\t\t<i class=\"fab fa-linkedin\"><\/i>\t\t\t\t\t<\/a>\n\t\t\t\t<\/span>\n\t\t\t\t\t<\/div>\n\t\t\t\t\t\t<\/div>\n\t\t\t\t<\/div>\n\t\t\t\t\t<\/div>\n\t\t\t\t<\/div>\n\t\t<div class=\"elementor-element elementor-element-5ca134c e-con-full e-flex e-con e-parent\" data-id=\"5ca134c\" data-element_type=\"container\" data-settings=\"{&quot;background_background&quot;:&quot;classic&quot;}\">\n\t\t\t\t<div class=\"elementor-element elementor-element-08e184b elementor-align-right elementor-invisible elementor-widget elementor-widget-button\" data-id=\"08e184b\" data-element_type=\"widget\" data-settings=\"{&quot;sticky&quot;:&quot;bottom&quot;,&quot;_animation&quot;:&quot;slideInRight&quot;,&quot;sticky_on&quot;:[&quot;desktop&quot;,&quot;tablet&quot;,&quot;mobile&quot;],&quot;sticky_offset&quot;:0,&quot;sticky_effects_offset&quot;:0,&quot;sticky_anchor_link_offset&quot;:0}\" data-widget_type=\"button.default\">\n\t\t\t\t<div class=\"elementor-widget-container\">\n\t\t\t\t\t\t\t\t\t<div class=\"elementor-button-wrapper\">\n\t\t\t\t\t<a class=\"elementor-button elementor-button-link elementor-size-sm\" href=\"#TOP\">\n\t\t\t\t\t\t<span class=\"elementor-button-content-wrapper\">\n\t\t\t\t\t\t<span class=\"elementor-button-icon\">\n\t\t\t\t<i aria-hidden=\"true\" class=\"fas fa-chevron-up\"><\/i>\t\t\t<\/span>\n\t\t\t\t\t\t\t\t<\/span>\n\t\t\t\t\t<\/a>\n\t\t\t\t<\/div>\n\t\t\t\t\t\t\t\t<\/div>\n\t\t\t\t<\/div>\n\t\t\t\t<\/div>\n\t\t\t\t<\/div>\n\t\t","protected":false},"excerpt":{"rendered":"<p>C\u00f3mo encontrarme Pueden contactarme por correo electr\u00f3nico o por tel\u00e9fono. Las sesiones presenciales se realizan en mi consulta en Barcelona, cerca del Lyc\u00e9e Fran\u00e7ais. E-mail: joanne@copc.cat T\u00e9l\u00e9fono: 656 354 560 Consulta: Metro: L\u00ednea 3 (verde), estaci\u00f3n &#8216;Mar\u00eda Cristina&#8217;Tranv\u00eda: TramBaix, parada &#8216;Mar\u00eda Cristina&#8217; (todas las l\u00edneas)Autob\u00fas: L\u00edneas 70, 6, V3, 34, H6, 7, 63, 33, 67, [&hellip;]<\/p>\n","protected":false},"author":4,"featured_media":0,"parent":0,"menu_order":0,"comment_status":"closed","ping_status":"open","template":"","meta":{"site-sidebar-layout":"no-sidebar","site-content-layout":"","ast-site-content-layout":"full-width-container","site-content-style":"unboxed","site-sidebar-style":"unboxed","ast-global-header-display":"","ast-banner-title-visibility":"disabled","ast-main-header-display":"","ast-hfb-above-header-display":"","ast-hfb-below-header-display":"","ast-hfb-mobile-header-display":"","site-post-title":"disabled","ast-breadcrumbs-content":"","ast-featured-img":"disabled","footer-sml-layout":"","theme-transparent-header-meta":"disabled","adv-header-id-meta":"","stick-header-meta":"enabled","header-above-stick-meta":"","header-main-stick-meta":"on","header-below-stick-meta":"","astra-migrate-meta-layouts":"set","ast-page-background-enabled":"default","ast-page-background-meta":{"desktop":{"background-color":"","background-image":"","background-repeat":"repeat","background-position":"center center","background-size":"auto","background-attachment":"scroll","background-type":"","background-media":"","overlay-type":"","overlay-color":"","overlay-opacity":"","overlay-gradient":""},"tablet":{"background-color":"","background-image":"","background-repeat":"repeat","background-position":"center center","background-size":"auto","background-attachment":"scroll","background-type":"","background-media":"","overlay-type":"","overlay-color":"","overlay-opacity":"","overlay-gradient":""},"mobile":{"background-color":"","background-image":"","background-repeat":"repeat","background-position":"center center","background-size":"auto","background-attachment":"scroll","background-type":"","background-media":"","overlay-type":"","overlay-color":"","overlay-opacity":"","overlay-gradient":""}},"ast-content-background-meta":{"desktop":{"background-color":"var(--ast-global-color-5)","background-image":"","background-repeat":"repeat","background-position":"center center","background-size":"auto","background-attachment":"scroll","background-type":"","background-media":"","overlay-type":"","overlay-color":"","overlay-opacity":"","overlay-gradient":""},"tablet":{"background-color":"var(--ast-global-color-5)","background-image":"","background-repeat":"repeat","background-position":"center center","background-size":"auto","background-attachment":"scroll","background-type":"","background-media":"","overlay-type":"","overlay-color":"","overlay-opacity":"","overlay-gradient":""},"mobile":{"background-color":"var(--ast-global-color-5)","background-image":"","background-repeat":"repeat","background-position":"center center","background-size":"auto","background-attachment":"scroll","background-type":"","background-media":"","overlay-type":"","overlay-color":"","overlay-opacity":"","overlay-gradient":""}},"footnotes":""},"class_list":["post-12","page","type-page","status-publish","hentry"],"yoast_head":"<!-- This site is optimized with the Yoast SEO plugin v25.1 - https:\/\/yoast.com\/wordpress\/plugins\/seo\/ -->\n<title>Contacto Joanne Hadida<\/title>\n<meta name=\"description\" content=\"Datos de contacto: e-mail, tel\u00e9fono, direcci\u00f3n. Information de contact: e-mail, t\u00e9l\u00e9phone et adresse. Phone, e-mail and address.\" \/>\n<meta name=\"robots\" content=\"index, follow, max-snippet:-1, max-image-preview:large, max-video-preview:-1\" \/>\n<link rel=\"canonical\" href=\"https:\/\/www.joannehadida.es\/es\/contacter\/\" \/>\n<meta property=\"og:locale\" content=\"es_ES\" \/>\n<meta property=\"og:type\" content=\"article\" \/>\n<meta property=\"og:title\" content=\"Contacto Joanne Hadida\" \/>\n<meta property=\"og:description\" content=\"Datos de contacto: e-mail, tel\u00e9fono, direcci\u00f3n. Information de contact: e-mail, t\u00e9l\u00e9phone et adresse. Phone, e-mail and address.\" \/>\n<meta property=\"og:url\" content=\"https:\/\/www.joannehadida.es\/es\/contacter\/\" \/>\n<meta property=\"og:site_name\" content=\"Joanne Hadida\" \/>\n<meta property=\"article:modified_time\" content=\"2025-04-09T11:47:40+00:00\" \/>\n<meta name=\"twitter:card\" content=\"summary_large_image\" \/>\n<meta name=\"twitter:label1\" content=\"Tiempo de lectura\" \/>\n\t<meta name=\"twitter:data1\" content=\"2 minutos\" \/>\n<script type=\"application\/ld+json\" class=\"yoast-schema-graph\">{\"@context\":\"https:\/\/schema.org\",\"@graph\":[{\"@type\":\"WebPage\",\"@id\":\"https:\/\/www.joannehadida.es\/es\/contacter\/\",\"url\":\"https:\/\/www.joannehadida.es\/es\/contacter\/\",\"name\":\"Contacto Joanne Hadida\",\"isPartOf\":{\"@id\":\"https:\/\/www.joannehadida.es\/es\/#website\"},\"datePublished\":\"2015-05-14T12:19:28+00:00\",\"dateModified\":\"2025-04-09T11:47:40+00:00\",\"description\":\"Datos de contacto: e-mail, tel\u00e9fono, direcci\u00f3n. Information de contact: e-mail, t\u00e9l\u00e9phone et adresse. Phone, e-mail and address.\",\"breadcrumb\":{\"@id\":\"https:\/\/www.joannehadida.es\/es\/contacter\/#breadcrumb\"},\"inLanguage\":\"es\",\"potentialAction\":[{\"@type\":\"ReadAction\",\"target\":[[\"https:\/\/www.joannehadida.es\/es\/contacter\/\"]]}]},{\"@type\":\"BreadcrumbList\",\"@id\":\"https:\/\/www.joannehadida.es\/es\/contacter\/#breadcrumb\",\"itemListElement\":[{\"@type\":\"ListItem\",\"position\":1,\"name\":\"Accueil\",\"item\":\"https:\/\/www.joannehadida.es\/es\/\"},{\"@type\":\"ListItem\",\"position\":2,\"name\":\"Contacter\"}]},{\"@type\":\"WebSite\",\"@id\":\"https:\/\/www.joannehadida.es\/es\/#website\",\"url\":\"https:\/\/www.joannehadida.es\/es\/\",\"name\":\"Joanne Hadida\",\"description\":\"Psic\u00f3loga en Barcelona\",\"potentialAction\":[{\"@type\":\"SearchAction\",\"target\":{\"@type\":\"EntryPoint\",\"urlTemplate\":\"https:\/\/www.joannehadida.es\/es\/?s={search_term_string}\"},\"query-input\":{\"@type\":\"PropertyValueSpecification\",\"valueRequired\":true,\"valueName\":\"search_term_string\"}}],\"inLanguage\":\"es\"}]}<\/script>\n<!-- \/ Yoast SEO plugin. -->","yoast_head_json":{"title":"Contacto Joanne Hadida","description":"Datos de contacto: e-mail, tel\u00e9fono, direcci\u00f3n. Information de contact: e-mail, t\u00e9l\u00e9phone et adresse. Phone, e-mail and address.","robots":{"index":"index","follow":"follow","max-snippet":"max-snippet:-1","max-image-preview":"max-image-preview:large","max-video-preview":"max-video-preview:-1"},"canonical":"https:\/\/www.joannehadida.es\/es\/contacter\/","og_locale":"es_ES","og_type":"article","og_title":"Contacto Joanne Hadida","og_description":"Datos de contacto: e-mail, tel\u00e9fono, direcci\u00f3n. Information de contact: e-mail, t\u00e9l\u00e9phone et adresse. Phone, e-mail and address.","og_url":"https:\/\/www.joannehadida.es\/es\/contacter\/","og_site_name":"Joanne Hadida","article_modified_time":"2025-04-09T11:47:40+00:00","twitter_card":"summary_large_image","twitter_misc":{"Tiempo de lectura":"2 minutos"},"schema":{"@context":"https:\/\/schema.org","@graph":[{"@type":"WebPage","@id":"https:\/\/www.joannehadida.es\/es\/contacter\/","url":"https:\/\/www.joannehadida.es\/es\/contacter\/","name":"Contacto Joanne Hadida","isPartOf":{"@id":"https:\/\/www.joannehadida.es\/es\/#website"},"datePublished":"2015-05-14T12:19:28+00:00","dateModified":"2025-04-09T11:47:40+00:00","description":"Datos de contacto: e-mail, tel\u00e9fono, direcci\u00f3n. Information de contact: e-mail, t\u00e9l\u00e9phone et adresse. Phone, e-mail and address.","breadcrumb":{"@id":"https:\/\/www.joannehadida.es\/es\/contacter\/#breadcrumb"},"inLanguage":"es","potentialAction":[{"@type":"ReadAction","target":[["https:\/\/www.joannehadida.es\/es\/contacter\/"]]}]},{"@type":"BreadcrumbList","@id":"https:\/\/www.joannehadida.es\/es\/contacter\/#breadcrumb","itemListElement":[{"@type":"ListItem","position":1,"name":"Accueil","item":"https:\/\/www.joannehadida.es\/es\/"},{"@type":"ListItem","position":2,"name":"Contacter"}]},{"@type":"WebSite","@id":"https:\/\/www.joannehadida.es\/es\/#website","url":"https:\/\/www.joannehadida.es\/es\/","name":"Joanne Hadida","description":"Psic\u00f3loga en Barcelona","potentialAction":[{"@type":"SearchAction","target":{"@type":"EntryPoint","urlTemplate":"https:\/\/www.joannehadida.es\/es\/?s={search_term_string}"},"query-input":{"@type":"PropertyValueSpecification","valueRequired":true,"valueName":"search_term_string"}}],"inLanguage":"es"}]}},"_links":{"self":[{"href":"https:\/\/www.joannehadida.es\/es\/wp-json\/wp\/v2\/pages\/12","targetHints":{"allow":["GET"]}}],"collection":[{"href":"https:\/\/www.joannehadida.es\/es\/wp-json\/wp\/v2\/pages"}],"about":[{"href":"https:\/\/www.joannehadida.es\/es\/wp-json\/wp\/v2\/types\/page"}],"author":[{"embeddable":true,"href":"https:\/\/www.joannehadida.es\/es\/wp-json\/wp\/v2\/users\/4"}],"replies":[{"embeddable":true,"href":"https:\/\/www.joannehadida.es\/es\/wp-json\/wp\/v2\/comments?post=12"}],"version-history":[{"count":442,"href":"https:\/\/www.joannehadida.es\/es\/wp-json\/wp\/v2\/pages\/12\/revisions"}],"predecessor-version":[{"id":9141,"href":"https:\/\/www.joannehadida.es\/es\/wp-json\/wp\/v2\/pages\/12\/revisions\/9141"}],"wp:attachment":[{"href":"https:\/\/www.joannehadida.es\/es\/wp-json\/wp\/v2\/media?parent=12"}],"curies":[{"name":"wp","href":"https:\/\/api.w.org\/{rel}","templated":true}]}}